{"id":49,"date":"2025-11-21T15:21:34","date_gmt":"2025-11-21T15:21:34","guid":{"rendered":"https:\/\/palermo.cngei.it\/?page_id=49"},"modified":"2025-11-21T15:21:34","modified_gmt":"2025-11-21T15:21:34","slug":"compagnia","status":"publish","type":"page","link":"https:\/\/palermo.cngei.it\/index.php\/compagnia\/","title":{"rendered":"COMPAGNIA"},"content":{"rendered":"\n<h1 class=\"wp-block-heading\">I rovers<\/h1>\n\n\n\n<p>La terza branca degli scout del CNGEI \u00e8 la&nbsp;<strong>Compagnia<\/strong>&nbsp;ed \u00e8 composta da ragazzi tra i 16 ed i 19 anni.<br>E\u2019 un et\u00e0 particolarmente problematica ed importante, nella quale si vuole \u201ccapire e ricostruire il mondo\u201d: la nostra proposta \u00e8 quella di un gruppo misto che attraverso la costruzione di un proprio comune cammino affronta i tanti perch\u00e8 dei suoi componenti.<br>Il Cammino non \u00e8 solo quello intellettuale ma ha anche forti momenti fisici (Hike) in cui si possono sperimentare i propri limiti e conoscere posti sempre diversi e nuovi. Un momento in cui si conosce ci\u00f2 che ci circonda e si impara a conviverci.Questo cammino tocca tutte le parti della vita: culturale, sociale, spirituale, personale e la determinazione delle attivit\u00e0 attraverso le quali andare avanti \u00e8 un proprio e vero processo democratico dove si apprende ad agire nel rispetto delle regole comuni, quelle che \u201cci siamo date\u201d.<br>Particolare importanza ha, in questa fascia di et\u00e0, la sensibilit\u00e0 agli ambiti dove operare il SERVIZIO, il dono disinteressato dell\u2019 impegno personale: questo spirito \u00e8 considerato il vero motore di coloro che \u201cda grandi\u201d sentiranno il richiamo del desiderio di migliorare il mondo ed \u00e8 quindi particolarmente curato.<br>Non ci sono limiti ai campi d\u2019azione dei&nbsp;<strong>Rover<\/strong>, termine che possiamo tradurre come il \u201cvagabondo\u201d cio\u00e8 come colui\/colei che non accetta passivamente cosa passa sotto il suo naso ma vuole invece personalmente informarsi e prendere parte attiva al processo di trasformazione delle cose e pertanto CAMMINA per il mondo, che ama pur non condividendolo nelle sue parti peggiori e per il miglioramento del quale SI IMPEGNA.<\/p>\n\n\n\n<figure class=\"wp-block-image alignleft\"><a class=\"cboxElement\" href=\"https:\/\/www.scoutcaltagirone.it\/scout\/wp-content\/uploads\/2015\/02\/brancaR1-148x150.jpg\"><img decoding=\"async\" src=\"https:\/\/www.scoutcaltagirone.it\/scout\/wp-content\/uploads\/2015\/02\/brancaR1-148x150-148x150.jpg\" alt=\"\" class=\"wp-image-3601\"\/><\/a><\/figure>\n\n\n\n<p>Il simbolo dei Rover \u00e8 la forcola che simboleggia la necessit\u00e0 di saper decidere la strada che si vuole percorrere nella vita.<br><strong>Motto dei Rover:<\/strong><\/p>\n\n\n\n<p><em><strong>Prepararsi a servire<\/strong><\/em><\/p>\n","protected":false},"excerpt":{"rendered":"<p>I rovers La terza branca degli scout del CNGEI \u00e8 la&nbsp;Compagnia&nbsp;ed \u00e8 composta da ragazzi tra i 16 ed i 19 anni.E\u2019 un et\u00e0 particolarmente problematica ed importante, nella quale si vuole \u201ccapire e ricostruire il mondo\u201d: la nostra proposta \u00e8 quella di un gruppo misto che attraverso la costruzione di un proprio comune cammino [&hellip;]<\/p>\n","protected":false},"author":1,"featured_media":0,"parent":0,"menu_order":0,"comment_status":"closed","ping_status":"closed","template":"","meta":{"zakra_page_container_layout":"customizer","zakra_page_sidebar_layout":"customizer","zakra_remove_content_margin":false,"zakra_sidebar":"customizer","zakra_transparent_header":"customizer","zakra_logo":0,"zakra_main_header_style":"default","zakra_menu_item_color":"","zakra_menu_item_hover_color":"","zakra_menu_item_active_color":"","zakra_menu_active_style":"","zakra_page_header":true,"footnotes":""},"class_list":["post-49","page","type-page","status-publish","hentry"],"_links":{"self":[{"href":"https:\/\/palermo.cngei.it\/index.php\/wp-json\/wp\/v2\/pages\/49","targetHints":{"allow":["GET"]}}],"collection":[{"href":"https:\/\/palermo.cngei.it\/index.php\/wp-json\/wp\/v2\/pages"}],"about":[{"href":"https:\/\/palermo.cngei.it\/index.php\/wp-json\/wp\/v2\/types\/page"}],"author":[{"embeddable":true,"href":"https:\/\/palermo.cngei.it\/index.php\/wp-json\/wp\/v2\/users\/1"}],"replies":[{"embeddable":true,"href":"https:\/\/palermo.cngei.it\/index.php\/wp-json\/wp\/v2\/comments?post=49"}],"version-history":[{"count":1,"href":"https:\/\/palermo.cngei.it\/index.php\/wp-json\/wp\/v2\/pages\/49\/revisions"}],"predecessor-version":[{"id":50,"href":"https:\/\/palermo.cngei.it\/index.php\/wp-json\/wp\/v2\/pages\/49\/revisions\/50"}],"wp:attachment":[{"href":"https:\/\/palermo.cngei.it\/index.php\/wp-json\/wp\/v2\/media?parent=49"}],"curies":[{"name":"wp","href":"https:\/\/api.w.org\/{rel}","templated":true}]}}